{"id":13,"date":"2019-04-09T14:59:03","date_gmt":"2019-04-09T14:59:03","guid":{"rendered":"http:\/\/fewo-enthart-garmisch.de\/?page_id=13"},"modified":"2025-02-19T18:06:30","modified_gmt":"2025-02-19T18:06:30","slug":"ferienwohnung","status":"publish","type":"page","link":"https:\/\/fewo-enthart-garmisch.de\/?page_id=13","title":{"rendered":"Ferienwohnung"},"content":{"rendered":"\n<div class=\"wp-block-media-text alignwide is-stacked-on-mobile\" style=\"grid-template-columns:37% auto\"><figure class=\"wp-block-media-text__media\"><img decoding=\"async\" loading=\"lazy\" width=\"1024\" height=\"768\" src=\"https:\/\/fewo-enthart-garmisch.de\/wp-content\/uploads\/2019\/05\/GOPR0849-1024x768.jpg\" alt=\"\" class=\"wp-image-149 size-full\" srcset=\"https:\/\/fewo-enthart-garmisch.de\/wp-content\/uploads\/2019\/05\/GOPR0849-1024x768.jpg 1024w, https:\/\/fewo-enthart-garmisch.de\/wp-content\/uploads\/2019\/05\/GOPR0849-300x225.jpg 300w, https:\/\/fewo-enthart-garmisch.de\/wp-content\/uploads\/2019\/05\/GOPR0849-768x576.jpg 768w\" sizes=\"(max-width: 1024px) 100vw, 1024px\" \/><\/figure><div class=\"wp-block-media-text__content\">\n<p>Die ca. 50 qm gro\u00dfe, helle Wohnung verf\u00fcgt<br>\u00fcber ein Schlafzimmer, einen Wohn-\/Schlafraum,<br>ein neues Badezimmer mit Dusche und WC sowie<br>eine separate K\u00fcche.<br>In unserer &#8222;Nichtraucher-Wohnung&#8220; werden keine<br>Haustiere beherbergt.<\/p>\n\n\n\n<p><\/p>\n\n\n\n<p><\/p>\n<\/div><\/div>\n\n\n\n<p><\/p>\n\n\n\n<div class=\"wp-block-media-text alignwide is-stacked-on-mobile\" style=\"grid-template-columns:37% auto\"><figure class=\"wp-block-media-text__media\"><img decoding=\"async\" loading=\"lazy\" width=\"1024\" height=\"768\" src=\"https:\/\/fewo-enthart-garmisch.de\/wp-content\/uploads\/2019\/05\/GOPR0847-1024x768.jpg\" alt=\"\" class=\"wp-image-148 size-full\" srcset=\"https:\/\/fewo-enthart-garmisch.de\/wp-content\/uploads\/2019\/05\/GOPR0847-1024x768.jpg 1024w, https:\/\/fewo-enthart-garmisch.de\/wp-content\/uploads\/2019\/05\/GOPR0847-300x225.jpg 300w, https:\/\/fewo-enthart-garmisch.de\/wp-content\/uploads\/2019\/05\/GOPR0847-768x576.jpg 768w\" sizes=\"(max-width: 1024px) 100vw, 1024px\" \/><\/figure><div class=\"wp-block-media-text__content\">\n<p>Einen herrlichen Gebirgsblick auf das<br>Zugspitz- und Alpspitzmassiv k\u00f6nnen Sie<br>vom dazugeh\u00f6rigen Balkon genie\u00dfen.<br>Die Wohnung ist f\u00fcr max. 3 Personen geeignet.<\/p>\n<\/div><\/div>\n\n\n\n<p><\/p>\n\n\n\n<div class=\"wp-block-media-text alignwide is-stacked-on-mobile\" style=\"grid-template-columns:37% auto\"><figure class=\"wp-block-media-text__media\"><img decoding=\"async\" loading=\"lazy\" width=\"1024\" height=\"768\" src=\"https:\/\/fewo-enthart-garmisch.de\/wp-content\/uploads\/2019\/05\/GOPR0882-1024x768.jpg\" alt=\"\" class=\"wp-image-151 size-full\" srcset=\"https:\/\/fewo-enthart-garmisch.de\/wp-content\/uploads\/2019\/05\/GOPR0882-1024x768.jpg 1024w, https:\/\/fewo-enthart-garmisch.de\/wp-content\/uploads\/2019\/05\/GOPR0882-300x225.jpg 300w, https:\/\/fewo-enthart-garmisch.de\/wp-content\/uploads\/2019\/05\/GOPR0882-768x576.jpg 768w\" sizes=\"(max-width: 1024px) 100vw, 1024px\" \/><\/figure><div class=\"wp-block-media-text__content\">\n<p>Das Wohnzimmer ist ausgestattet mit<br>SAT-TV, Stereoanlage und Ausziehcouch<br><br>Die K\u00fcche ist modern eingerichtet mit<br>Herd, K\u00fchlschrank mit Gefrierfach,<br>Backofen, Kaffeemaschine, Wasserkocher, Toaster<\/p>\n<\/div><\/div>\n\n\n\n<p><\/p>\n\n\n\n<figure class=\"wp-block-image is-resized\"><img decoding=\"async\" loading=\"lazy\" src=\"https:\/\/fewo-enthart-garmisch.de\/wp-content\/uploads\/2019\/05\/GOPR0880-1024x768.jpg\" alt=\"\" class=\"wp-image-150\" width=\"376\" height=\"282\" srcset=\"https:\/\/fewo-enthart-garmisch.de\/wp-content\/uploads\/2019\/05\/GOPR0880-1024x768.jpg 1024w, https:\/\/fewo-enthart-garmisch.de\/wp-content\/uploads\/2019\/05\/GOPR0880-300x225.jpg 300w, https:\/\/fewo-enthart-garmisch.de\/wp-content\/uploads\/2019\/05\/GOPR0880-768x576.jpg 768w\" sizes=\"(max-width: 376px) 100vw, 376px\" \/><\/figure>\n\n\n\n<p><\/p>\n\n\n\n<figure class=\"wp-block-image is-resized\"><img decoding=\"async\" loading=\"lazy\" src=\"https:\/\/fewo-enthart-garmisch.de\/wp-content\/uploads\/2019\/05\/GOPR0886-1024x768.jpg\" alt=\"\" class=\"wp-image-152\" width=\"380\" height=\"285\" srcset=\"https:\/\/fewo-enthart-garmisch.de\/wp-content\/uploads\/2019\/05\/GOPR0886-1024x768.jpg 1024w, https:\/\/fewo-enthart-garmisch.de\/wp-content\/uploads\/2019\/05\/GOPR0886-300x225.jpg 300w, https:\/\/fewo-enthart-garmisch.de\/wp-content\/uploads\/2019\/05\/GOPR0886-768x576.jpg 768w\" sizes=\"(max-width: 380px) 100vw, 380px\" \/><\/figure>\n","protected":false},"excerpt":{"rendered":"<p>Die ca. 50 qm gro\u00dfe, helle Wohnung verf\u00fcgt\u00fcber ein Schlafzimmer, einen Wohn-\/Schlafraum,ein neues Badezimmer mit Dusche und WC sowieeine separate K\u00fcche.In unserer &#8222;Nichtraucher-Wohnung&#8220; werden keineHaustiere beherbergt. Einen herrlichen Gebirgsblick auf dasZugspitz- und Alpspitzmassiv k\u00f6nnen Sievom dazugeh\u00f6rigen Balkon genie\u00dfen.Die Wohnung ist f\u00fcr max. 3 Personen geeignet. Das Wohnzimmer ist ausgestattet mitSAT-TV, Stereoanlage und Ausziehcouch Die K\u00fcche &hellip;<\/p>\n<p class=\"read-more\"> <a class=\"\" href=\"https:\/\/fewo-enthart-garmisch.de\/?page_id=13\"> <span class=\"screen-reader-text\">Ferienwohnung<\/span> Weiterlesen &raquo;<\/a><\/p>\n","protected":false},"author":1,"featured_media":0,"parent":0,"menu_order":0,"comment_status":"closed","ping_status":"closed","template":"","meta":[],"_links":{"self":[{"href":"https:\/\/fewo-enthart-garmisch.de\/index.php?rest_route=\/wp\/v2\/pages\/13"}],"collection":[{"href":"https:\/\/fewo-enthart-garmisch.de\/index.php?rest_route=\/wp\/v2\/pages"}],"about":[{"href":"https:\/\/fewo-enthart-garmisch.de\/index.php?rest_route=\/wp\/v2\/types\/page"}],"author":[{"embeddable":true,"href":"https:\/\/fewo-enthart-garmisch.de\/index.php?rest_route=\/wp\/v2\/users\/1"}],"replies":[{"embeddable":true,"href":"https:\/\/fewo-enthart-garmisch.de\/index.php?rest_route=%2Fwp%2Fv2%2Fcomments&post=13"}],"version-history":[{"count":17,"href":"https:\/\/fewo-enthart-garmisch.de\/index.php?rest_route=\/wp\/v2\/pages\/13\/revisions"}],"predecessor-version":[{"id":189,"href":"https:\/\/fewo-enthart-garmisch.de\/index.php?rest_route=\/wp\/v2\/pages\/13\/revisions\/189"}],"wp:attachment":[{"href":"https:\/\/fewo-enthart-garmisch.de\/index.php?rest_route=%2Fwp%2Fv2%2Fmedia&parent=13"}],"curies":[{"name":"wp","href":"https:\/\/api.w.org\/{rel}","templated":true}]}}