{"id":31,"date":"2019-04-09T16:26:21","date_gmt":"2019-04-09T16:26:21","guid":{"rendered":"http:\/\/fewo-enthart-garmisch.de\/?page_id=31"},"modified":"2019-04-09T16:26:21","modified_gmt":"2019-04-09T16:26:21","slug":"impressum","status":"publish","type":"page","link":"https:\/\/fewo-enthart-garmisch.de\/?page_id=31","title":{"rendered":"Impressum"},"content":{"rendered":"\n<p>Impressum laut Telemediengesetz (\u00a7 5 TMG)<br><br>Name und Anschrift des Anbieters lautet:<br>Thomas Enthart, Rie\u00dferkopfstra\u00dfe 1, D-82467 Garmisch-Partenkirchen<br>Telefon: 08821 \/ 55072  Mail: enthart@gmx.net<br><br>Alle Angebote auf unseren Internetseiten sind freibleibend. Irrtum vorbehalten.<br>Wir haben die aufgef\u00fchrten Inhalte mit gro\u00dfer Sorgfalt zusammengestellt und gepr\u00fcft.<br>Allerdings \u00fcbernehmen wir keine Gew\u00e4hr f\u00fcr die Vollst\u00e4ndigkeit, Richtigkeit und Aktualit\u00e4t.<br>Wir \u00fcbernehmen keine Verantwortung f\u00fcr die Inhalte der Websites, die \u00fcber Links dieses Portals erreicht werden.<br>Die Links werden bei der Aufnahme nur provisorisch angesehen und bewertet. Eine kontinuierliche Pr\u00fcfung der Inhalte ist weder beabsichtigt noch m\u00f6glich. Wir distanzieren uns ausdr\u00fccklich von allen Inhalten, die m\u00f6glicherweise straf- oder haftungsrechtlich relevant sind oder gegen die guten Sitten verstossen. <br><br>Schutzrechtsverletzung:<br>Falls Sie vermuten, dass von dieser Website aus eines Ihrer Schutzrechte verletzt wird, teilen Sie das bitte umgehend per elektronischer Post mit, damit z\u00fcgig Abhilfe geschafft werden kann.<br><\/p>\n\n\n\n<p><\/p>\n","protected":false},"excerpt":{"rendered":"<p>Impressum laut Telemediengesetz (\u00a7 5 TMG) Name und Anschrift des Anbieters lautet:Thomas Enthart, Rie\u00dferkopfstra\u00dfe 1, D-82467 Garmisch-PartenkirchenTelefon: 08821 \/ 55072 Mail: enthart@gmx.net Alle Angebote auf unseren Internetseiten sind freibleibend. Irrtum vorbehalten.Wir haben die aufgef\u00fchrten Inhalte mit gro\u00dfer Sorgfalt zusammengestellt und gepr\u00fcft.Allerdings \u00fcbernehmen wir keine Gew\u00e4hr f\u00fcr die Vollst\u00e4ndigkeit, Richtigkeit und Aktualit\u00e4t.Wir \u00fcbernehmen keine Verantwortung f\u00fcr &hellip;<\/p>\n<p class=\"read-more\"> <a class=\"\" href=\"https:\/\/fewo-enthart-garmisch.de\/?page_id=31\"> <span class=\"screen-reader-text\">Impressum<\/span> Weiterlesen &raquo;<\/a><\/p>\n","protected":false},"author":1,"featured_media":0,"parent":0,"menu_order":0,"comment_status":"closed","ping_status":"closed","template":"","meta":[],"_links":{"self":[{"href":"https:\/\/fewo-enthart-garmisch.de\/index.php?rest_route=\/wp\/v2\/pages\/31"}],"collection":[{"href":"https:\/\/fewo-enthart-garmisch.de\/index.php?rest_route=\/wp\/v2\/pages"}],"about":[{"href":"https:\/\/fewo-enthart-garmisch.de\/index.php?rest_route=\/wp\/v2\/types\/page"}],"author":[{"embeddable":true,"href":"https:\/\/fewo-enthart-garmisch.de\/index.php?rest_route=\/wp\/v2\/users\/1"}],"replies":[{"embeddable":true,"href":"https:\/\/fewo-enthart-garmisch.de\/index.php?rest_route=%2Fwp%2Fv2%2Fcomments&post=31"}],"version-history":[{"count":1,"href":"https:\/\/fewo-enthart-garmisch.de\/index.php?rest_route=\/wp\/v2\/pages\/31\/revisions"}],"predecessor-version":[{"id":32,"href":"https:\/\/fewo-enthart-garmisch.de\/index.php?rest_route=\/wp\/v2\/pages\/31\/revisions\/32"}],"wp:attachment":[{"href":"https:\/\/fewo-enthart-garmisch.de\/index.php?rest_route=%2Fwp%2Fv2%2Fmedia&parent=31"}],"curies":[{"name":"wp","href":"https:\/\/api.w.org\/{rel}","templated":true}]}}